{"id":52,"date":"2023-03-22T15:39:48","date_gmt":"2023-03-22T14:39:48","guid":{"rendered":"https:\/\/www.painpridepose.com\/?page_id=52"},"modified":"2023-09-12T13:01:02","modified_gmt":"2023-09-12T11:01:02","slug":"impressum","status":"publish","type":"page","link":"https:\/\/www.painpridepose.com\/en\/impressum\/","title":{"rendered":"Imprint"},"content":{"rendered":"<p>Rubensstr. 8- 10<br>50676 K\u00f6ln<br>Fon +049 (0)221 \u2013 27669990 \u2022 Fax +049 (0)221 \u2013 276699999<\/p>\n\n\n\n<p><a href=\"mailto: info@rubicon-koeln.de\">&nbsp;info@rubicon-koeln.de<\/a><br><a href=\"http:\/\/www.rubicon-koeln.de\/\">www.rubicon-koeln.de<\/a><br>Sitz und Registergericht: K\u00f6ln<br>Vereinsregister: VR 7239<\/p>\n\n\n\n<p>VAT ID: DE209048649<\/p>\n\n\n\n<h2 class=\"wp-block-heading\">Inhaltlich Verantwortliche<\/h2>\n\n\n\n<p>nach \u00a7 55 Abs. 2 RStV:<br>Dipl. Soz.-Wiss. Meike Nienhaus<br>Gesch\u00e4ftsf\u00fchrung rubicon e. V.<\/p>\n\n\n\n<p><br>pain pride pose ist ein Projekt von baraka \u2013 a place for international queers und Antidiskriminierungsb\u00fcro ADB rubicon im rubicon e.V.<br><br>K\u00fcnstlerische Leitung: Nora Hase<br>Projektleitung: Faisal Attar, Charlott Dahmen, Gema Rodr\u00edguez D\u00edaz<br>Projektteilnehmende: Andrei, Brinchi, Ching, Donatella, Essi free, Goga, Harleen, Jaz, Navid, Parsa, Rafael, Rahman, Sarwar, Shadi, Sofia<br>Bildcollagen: Nora Hase in Zusammenarbeit mit den Projektteilnehmenden<br>\u00a9 Bildcollagen: Nora Hase<br>Texte zu den Bildcollagen: Projektteilnehmende<br>\u00dcbersetzungen, Sprachmittlung: Faisal Attar, Charlott Dahmen, Olivera Glamocak, Abbas Kakaei, Gema Rodr\u00edguez D\u00edaz, Noim Sharafi, Timothy Tasch, Anbid Zaman<br>Redaktion: Charlott Dahmen<br>Lektorat: Charlott Dahmen, Caro Frank, Gema Rodr\u00edguez D\u00edaz, Timothy Tasch<br>Kommunikationsdesign: Eleny Teffera<br>PR: Caro Frank (Strategische Kommunikation f\u00fcr Antidiskriminierungsarbeit)<br>Druck: Thomas Druck, Leipzig<\/p>\n\n\n\n<h2 class=\"wp-block-heading\">Haftungsausschluss<\/h2>\n\n\n\n<h4 class=\"wp-block-heading\">1. Inhalt des Onlineangebotes<\/h4>\n\n\n\n<p>rubicon e. V. \u00fcbernimmt keinerlei Gew\u00e4hr f\u00fcr die Aktualit\u00e4t, Richtigkeit und Vollst\u00e4ndigkeit der bereitgestellten Informationen auf unserer Website. Haftungsanspr\u00fcche gegen rubicon e. V., welche sich auf Sch\u00e4den materieller oder ideeller Art beziehen, die durch die Nutzung oder Nichtnutzung der dargebotenen Informationen bzw. durch die Nutzung fehlerhafter und unvollst\u00e4ndiger Informationen verursacht wurden, sind grunds\u00e4tzlich ausgeschlossen, sofern seitens rubicon e. V. kein nachweislich vors\u00e4tzliches oder grob fahrl\u00e4ssiges Verschulden vorliegt. Alle Angebote sind freibleibend und unverbindlich. rubicon e. V. beh\u00e4lt es sich ausdr\u00fccklich vor, Teile der Seiten oder das gesamte Angebot ohne gesonderte Ank\u00fcndigung zu ver\u00e4ndern, zu erg\u00e4nzen, zu l\u00f6schen oder die Ver\u00f6ffentlichung zeitweise oder endg\u00fcltig einzustellen.<\/p>\n\n\n\n<h4 class=\"wp-block-heading\">2. Verweise &amp; Links<\/h4>\n\n\n\n<p>rubicon e. V. ist als Inhaltsanbieter f\u00fcr die eigenen Inhalte, die sie zur Nutzung bereith\u00e4lt, nach den allgemeinen Gesetzen verantwortlich. Von diesen eigenen Inhalten sind Querverweise (\u201cLinks\u201d) auf die von anderen Anbietern bereitgehaltenen Inhalte zu unterscheiden. Bei direkten oder indirekten Verweisen auf fremde Webseiten (\u201cHyperlinks\u201d), die au\u00dferhalb des Verantwortungsbereiches des rubicon e. V. liegen, w\u00fcrde eine Haftungsverpflichtung ausschlie\u00dflich in dem Fall in Kraft treten, in dem rubicon e. V. von den Inhalten Kenntnis hat und es ihm technisch m\u00f6glich und zumutbar w\u00e4re, die Nutzung im Falle rechtswidriger Inhalte zu verhindern. rubicon e. V. erkl\u00e4rt hiermit ausdr\u00fccklich, dass zum Zeitpunkt der Linksetzung keine illegalen Inhalte auf den zu verlinkenden Seiten erkennbar waren. Auf die aktuelle und zuk\u00fcnftige Gestaltung, die Inhalte oder die Urheberschaft der verlinkten\/verkn\u00fcpften Seiten hat rubicon e. V. keinerlei Einfluss. Deshalb distanziert es sich hiermit ausdr\u00fccklich von allen Inhalten aller verlinkten \/verkn\u00fcpften Seiten, die nach der Linksetzung ver\u00e4ndert wurden. Diese Feststellung gilt f\u00fcr alle innerhalb des eigenen Internetangebotes gesetzten Links und Verweise. F\u00fcr illegale, fehlerhafte oder unvollst\u00e4ndige Inhalte und insbesondere f\u00fcr Sch\u00e4den, die aus der Nutzung oder Nichtnutzung solcherart dargebotener Informationen entstehen, haftet allein der Anbieter der Seite, auf welche verwiesen wurde, nicht derjenige, der \u00fcber Links auf die jeweilige Ver\u00f6ffentlichung lediglich verweist.<\/p>\n\n\n\n<h4 class=\"wp-block-heading\">3. Urheber- und Kennzeichenrecht<\/h4>\n\n\n\n<p>Die Inhalte auf diesen Webseiten sind urheberrechtlich gesch\u00fctzt. Alle Rechte bleiben vorbehalten. Das gilt f\u00fcr die gesamte Website, ihre einzelnen Teile, Grafiken, Layouts, Logos, Fotos, Filme, Software, Texte und sonstigen Inhalte. Grunds\u00e4tzlich ist es nicht erlaubt, die Website oder ihre Teile in einem anderen Netzwerk verf\u00fcgbar zu machen. Das Framing (Anzeige dieser Website im eigenen Frame) ist eine missbr\u00e4uchliche Nutzung fremder Inhalte und ist nicht gestattet.<\/p>\n\n\n\n<p>F\u00fcr die Wiedergabe bestimmter Text- und Multimedia-Daten (Ton, Bilder, Programme usw.) ist eine vorherige schriftliche Genehmigung einzuholen.<\/p>\n\n\n\n<h4 class=\"wp-block-heading\">4. Rechtswirksamkeit dieses Haftungsausschlusses<\/h4>\n\n\n\n<p>Dieser Haftungsausschluss\/Disclaimer ist als Teil des Internetangebotes zu betrachten, von dem aus auf diese Seite verwiesen wurde. Sofern Teile oder einzelne Formulierungen dieses Textes der geltenden Rechtslage nicht, nicht mehr oder nicht vollst\u00e4ndig entsprechen sollten, bleiben die \u00fcbrigen Teile des Dokumentes in ihrem Inhalt und ihrer G\u00fcltigkeit davon unber\u00fchrt.<\/p>","protected":false},"excerpt":{"rendered":"<p>Rubensstr. 8- 1050676 K\u00f6lnFon +049 (0)221 \u2013 27669990 \u2022 Fax +049 (0)221 \u2013 276699999 &nbsp;info@rubicon-koeln.dewww.rubicon-koeln.deSitz und Registergericht: K\u00f6lnVereinsregister: VR 7239 Umsatzsteuer-ID: DE209048649 Inhaltlich Verantwortliche nach \u00a7 55 Abs. 2 RStV:Dipl. Soz.-Wiss. Meike NienhausGesch\u00e4ftsf\u00fchrung rubicon e. V. pain pride pose ist ein Projekt von baraka \u2013 a place for international queers und Antidiskriminierungsb\u00fcro ADB rubicon im &#8230; <a title=\"Imprint\" class=\"read-more\" href=\"https:\/\/www.painpridepose.com\/en\/impressum\/\" aria-label=\"More on Impressum\">Read more<\/a><\/p>","protected":false},"author":2,"featured_media":0,"parent":0,"menu_order":0,"comment_status":"closed","ping_status":"closed","template":"","meta":{"_eb_attr":"","footnotes":""},"class_list":["post-52","page","type-page","status-publish"],"yoast_head":"<!-- This site is optimized with the Yoast SEO plugin v21.1 - https:\/\/yoast.com\/wordpress\/plugins\/seo\/ -->\n<title>Impressum - Pain Pride Pose<\/title>\n<meta name=\"robots\" content=\"noindex, nofollow\" \/>\n<meta property=\"og:locale\" content=\"en_GB\" \/>\n<meta property=\"og:type\" content=\"article\" \/>\n<meta property=\"og:title\" content=\"Impressum - Pain Pride Pose\" \/>\n<meta property=\"og:description\" content=\"Rubensstr. 8- 1050676 K\u00f6lnFon +049 (0)221 \u2013 27669990 \u2022 Fax +049 (0)221 \u2013 276699999 &nbsp;info@rubicon-koeln.dewww.rubicon-koeln.deSitz und Registergericht: K\u00f6lnVereinsregister: VR 7239 Umsatzsteuer-ID: DE209048649 Inhaltlich Verantwortliche nach \u00a7 55 Abs. 2 RStV:Dipl. Soz.-Wiss. Meike NienhausGesch\u00e4ftsf\u00fchrung rubicon e. V. pain pride pose ist ein Projekt von baraka \u2013 a place for international queers und Antidiskriminierungsb\u00fcro ADB rubicon im ... Read more\" \/>\n<meta property=\"og:url\" content=\"https:\/\/www.painpridepose.com\/en\/impressum\/\" \/>\n<meta property=\"og:site_name\" content=\"Pain Pride Pose\" \/>\n<meta property=\"article:modified_time\" content=\"2023-09-12T11:01:02+00:00\" \/>\n<meta name=\"twitter:card\" content=\"summary_large_image\" \/>\n<meta name=\"twitter:label1\" content=\"Estimated reading time\" \/>\n\t<meta name=\"twitter:data1\" content=\"4 minutes\" \/>\n<script type=\"application\/ld+json\" class=\"yoast-schema-graph\">{\"@context\":\"https:\/\/schema.org\",\"@graph\":[{\"@type\":\"WebPage\",\"@id\":\"https:\/\/www.painpridepose.com\/impressum\/\",\"url\":\"https:\/\/www.painpridepose.com\/impressum\/\",\"name\":\"Impressum - Pain Pride Pose\",\"isPartOf\":{\"@id\":\"https:\/\/www.painpridepose.com\/#website\"},\"datePublished\":\"2023-03-22T14:39:48+00:00\",\"dateModified\":\"2023-09-12T11:01:02+00:00\",\"breadcrumb\":{\"@id\":\"https:\/\/www.painpridepose.com\/impressum\/#breadcrumb\"},\"inLanguage\":\"en-GB\",\"potentialAction\":[{\"@type\":\"ReadAction\",\"target\":[\"https:\/\/www.painpridepose.com\/impressum\/\"]}]},{\"@type\":\"BreadcrumbList\",\"@id\":\"https:\/\/www.painpridepose.com\/impressum\/#breadcrumb\",\"itemListElement\":[{\"@type\":\"ListItem\",\"position\":1,\"name\":\"Startseite\",\"item\":\"https:\/\/www.painpridepose.com\/\"},{\"@type\":\"ListItem\",\"position\":2,\"name\":\"Impressum\"}]},{\"@type\":\"WebSite\",\"@id\":\"https:\/\/www.painpridepose.com\/#website\",\"url\":\"https:\/\/www.painpridepose.com\/\",\"name\":\"Pain Pride Pose\",\"description\":\"about queerness, discrimination and empowerment\",\"publisher\":{\"@id\":\"https:\/\/www.painpridepose.com\/#organization\"},\"potentialAction\":[{\"@type\":\"SearchAction\",\"target\":{\"@type\":\"EntryPoint\",\"urlTemplate\":\"https:\/\/www.painpridepose.com\/?s={search_term_string}\"},\"query-input\":\"required name=search_term_string\"}],\"inLanguage\":\"en-GB\"},{\"@type\":\"Organization\",\"@id\":\"https:\/\/www.painpridepose.com\/#organization\",\"name\":\"Pain Pride Pose\",\"url\":\"https:\/\/www.painpridepose.com\/\",\"logo\":{\"@type\":\"ImageObject\",\"inLanguage\":\"en-GB\",\"@id\":\"https:\/\/www.painpridepose.com\/#\/schema\/logo\/image\/\",\"url\":\"https:\/\/www.painpridepose.com\/wp-content\/uploads\/2023\/03\/painpridepose-logo.png\",\"contentUrl\":\"https:\/\/www.painpridepose.com\/wp-content\/uploads\/2023\/03\/painpridepose-logo.png\",\"width\":81,\"height\":80,\"caption\":\"Pain Pride Pose\"},\"image\":{\"@id\":\"https:\/\/www.painpridepose.com\/#\/schema\/logo\/image\/\"},\"sameAs\":[\"https:\/\/www.instagram.com\/painpridepose\/\"]}]}<\/script>\n<!-- \/ Yoast SEO plugin. -->","yoast_head_json":{"title":"Impressum - Pain Pride Pose","robots":{"index":"noindex","follow":"nofollow"},"og_locale":"en_GB","og_type":"article","og_title":"Impressum - Pain Pride Pose","og_description":"Rubensstr. 8- 1050676 K\u00f6lnFon +049 (0)221 \u2013 27669990 \u2022 Fax +049 (0)221 \u2013 276699999 &nbsp;info@rubicon-koeln.dewww.rubicon-koeln.deSitz und Registergericht: K\u00f6lnVereinsregister: VR 7239 Umsatzsteuer-ID: DE209048649 Inhaltlich Verantwortliche nach \u00a7 55 Abs. 2 RStV:Dipl. Soz.-Wiss. Meike NienhausGesch\u00e4ftsf\u00fchrung rubicon e. V. pain pride pose ist ein Projekt von baraka \u2013 a place for international queers und Antidiskriminierungsb\u00fcro ADB rubicon im ... Read more","og_url":"https:\/\/www.painpridepose.com\/en\/impressum\/","og_site_name":"Pain Pride Pose","article_modified_time":"2023-09-12T11:01:02+00:00","twitter_card":"summary_large_image","twitter_misc":{"Estimated reading time":"4 minutes"},"schema":{"@context":"https:\/\/schema.org","@graph":[{"@type":"WebPage","@id":"https:\/\/www.painpridepose.com\/impressum\/","url":"https:\/\/www.painpridepose.com\/impressum\/","name":"Impressum - Pain Pride Pose","isPartOf":{"@id":"https:\/\/www.painpridepose.com\/#website"},"datePublished":"2023-03-22T14:39:48+00:00","dateModified":"2023-09-12T11:01:02+00:00","breadcrumb":{"@id":"https:\/\/www.painpridepose.com\/impressum\/#breadcrumb"},"inLanguage":"en-GB","potentialAction":[{"@type":"ReadAction","target":["https:\/\/www.painpridepose.com\/impressum\/"]}]},{"@type":"BreadcrumbList","@id":"https:\/\/www.painpridepose.com\/impressum\/#breadcrumb","itemListElement":[{"@type":"ListItem","position":1,"name":"Startseite","item":"https:\/\/www.painpridepose.com\/"},{"@type":"ListItem","position":2,"name":"Impressum"}]},{"@type":"WebSite","@id":"https:\/\/www.painpridepose.com\/#website","url":"https:\/\/www.painpridepose.com\/","name":"Pain Pride Pose","description":"about queerness, discrimination and empowerment","publisher":{"@id":"https:\/\/www.painpridepose.com\/#organization"},"potentialAction":[{"@type":"SearchAction","target":{"@type":"EntryPoint","urlTemplate":"https:\/\/www.painpridepose.com\/?s={search_term_string}"},"query-input":"required name=search_term_string"}],"inLanguage":"en-GB"},{"@type":"Organization","@id":"https:\/\/www.painpridepose.com\/#organization","name":"Pain Pride Pose","url":"https:\/\/www.painpridepose.com\/","logo":{"@type":"ImageObject","inLanguage":"en-GB","@id":"https:\/\/www.painpridepose.com\/#\/schema\/logo\/image\/","url":"https:\/\/www.painpridepose.com\/wp-content\/uploads\/2023\/03\/painpridepose-logo.png","contentUrl":"https:\/\/www.painpridepose.com\/wp-content\/uploads\/2023\/03\/painpridepose-logo.png","width":81,"height":80,"caption":"Pain Pride Pose"},"image":{"@id":"https:\/\/www.painpridepose.com\/#\/schema\/logo\/image\/"},"sameAs":["https:\/\/www.instagram.com\/painpridepose\/"]}]}},"_links":{"self":[{"href":"https:\/\/www.painpridepose.com\/en\/wp-json\/wp\/v2\/pages\/52","targetHints":{"allow":["GET"]}}],"collection":[{"href":"https:\/\/www.painpridepose.com\/en\/wp-json\/wp\/v2\/pages"}],"about":[{"href":"https:\/\/www.painpridepose.com\/en\/wp-json\/wp\/v2\/types\/page"}],"author":[{"embeddable":true,"href":"https:\/\/www.painpridepose.com\/en\/wp-json\/wp\/v2\/users\/2"}],"replies":[{"embeddable":true,"href":"https:\/\/www.painpridepose.com\/en\/wp-json\/wp\/v2\/comments?post=52"}],"version-history":[{"count":4,"href":"https:\/\/www.painpridepose.com\/en\/wp-json\/wp\/v2\/pages\/52\/revisions"}],"predecessor-version":[{"id":2375,"href":"https:\/\/www.painpridepose.com\/en\/wp-json\/wp\/v2\/pages\/52\/revisions\/2375"}],"wp:attachment":[{"href":"https:\/\/www.painpridepose.com\/en\/wp-json\/wp\/v2\/media?parent=52"}],"curies":[{"name":"wp","href":"https:\/\/api.w.org\/{rel}","templated":true}]}}